{"id":949,"date":"2025-07-01T10:56:59","date_gmt":"2025-07-01T10:56:59","guid":{"rendered":"https:\/\/misionreinadelapaz.com\/?page_id=949"},"modified":"2025-12-27T23:15:53","modified_gmt":"2025-12-27T23:15:53","slug":"don-de-sanidad","status":"publish","type":"page","link":"https:\/\/misionreinadelapaz.com\/index.php\/don-de-sanidad\/","title":{"rendered":"Don de Sanidad"},"content":{"rendered":"\n<div style=\"background-image:url(&apos;https:\/\/misionreinadelapaz.com\/wp-content\/uploads\/2024\/11\/Cabezal_01-e1731715569435.jpg&apos;);background-size:cover;\" class=\"wp-block-group alignfull is-layout-flow wp-block-group-is-layout-flow has-background\">\n<div class=\"wp-block-group is-layout-flow wp-block-group-is-layout-flow\">\n<div style=\"height:55px\" aria-hidden=\"true\" class=\"wp-block-spacer\"><\/div>\n\n\n\n<h1 class=\"wp-block-heading has-text-align-center txtsombra2 has-text-color has-link-color wp-elements-1b7cb8b535651ddf5e24f6c754071011\" style=\"color:#ffffff;font-size:clamp(2.418rem, 2.418rem + ((1vw - 0.2rem) * 3.47), 4.5rem);\">Don de Sanidad<\/h1>\n\n\n\n<div style=\"height:45px\" aria-hidden=\"true\" class=\"wp-block-spacer\"><\/div>\n<\/div>\n\n\n\n<div class=\"wp-block-group alignfull nomargin has-background is-layout-flow wp-block-group-is-layout-flow\" style=\"background:linear-gradient(0deg,rgb(245,248,250) 0%,rgba(81,167,224,0.52) 88%,rgba(223,217,92,0.52) 98%);margin-top:0px;margin-bottom:0px\">\n<div style=\"height:30px\" aria-hidden=\"true\" class=\"wp-block-spacer nomargin\"><\/div>\n<\/div>\n<\/div>\n\n\n\n<div style=\"height:5rem\" aria-hidden=\"true\" class=\"wp-block-spacer\"><\/div>\n\n\n\n<main class=\"wp-block-group alignwide has-background has-global-padding is-layout-constrained wp-container-core-group-is-layout-f597ef60 wp-block-group-is-layout-constrained\" style=\"background:linear-gradient(0deg,rgb(64,182,250) 0%,rgb(210,235,247) 100%);margin-top:0;padding-top:0rem;padding-right:var(--wp--preset--spacing--10);padding-bottom:0rem;padding-left:var(--wp--preset--spacing--10);background-image:url(&apos;https:\/\/misionreinadelapaz.com\/wp-content\/uploads\/2025\/07\/DSC04173min-2.jpg&apos;);background-position:50% 0%;background-repeat:no-repeat;background-size:contain;background-attachment:fixed;\">\n<div class=\"wp-block-columns is-layout-flex wp-container-core-columns-is-layout-28f84493 wp-block-columns-is-layout-flex\">\n<div class=\"wp-block-column is-layout-flow wp-block-column-is-layout-flow\" style=\"flex-basis:11%\"><\/div>\n\n\n\n<div class=\"wp-block-column is-layout-flow wp-block-column-is-layout-flow\" style=\"flex-basis:78%\">\n<div class=\"wp-block-group alignfull has-background has-global-padding is-layout-constrained wp-container-core-group-is-layout-f48cc6f9 wp-block-group-is-layout-constrained\" style=\"border-radius:24px;background-color:#edffffe6;margin-top:0;margin-bottom:0;padding-top:0;padding-right:0;padding-bottom:0;padding-left:0;box-shadow:6px 6px 9px rgba(0, 0, 0, 0.2)\">\n<div style=\"height:20px\" aria-hidden=\"true\" class=\"wp-block-spacer\"><\/div>\n\n\n\n<figure class=\"wp-block-image aligncenter size-full is-resized has-custom-border is-style-rounded is-style-rounded--1\" id=\"nosconvoca\" style=\"margin-top:0px;margin-right:0;margin-bottom:0px;margin-left:0\"><img loading=\"lazy\" decoding=\"async\" width=\"1920\" height=\"630\" src=\"https:\/\/misionreinadelapaz.com\/wp-content\/uploads\/2024\/11\/Cabezal_01-e1731715569435.jpg\" alt=\"\" class=\"wp-image-403\" style=\"border-radius:100px;width:513px;height:auto\" srcset=\"https:\/\/misionreinadelapaz.com\/wp-content\/uploads\/2024\/11\/Cabezal_01-e1731715569435.jpg 1920w, https:\/\/misionreinadelapaz.com\/wp-content\/uploads\/2024\/11\/Cabezal_01-e1731715569435-300x98.jpg 300w, https:\/\/misionreinadelapaz.com\/wp-content\/uploads\/2024\/11\/Cabezal_01-e1731715569435-1024x336.jpg 1024w, https:\/\/misionreinadelapaz.com\/wp-content\/uploads\/2024\/11\/Cabezal_01-e1731715569435-768x252.jpg 768w, https:\/\/misionreinadelapaz.com\/wp-content\/uploads\/2024\/11\/Cabezal_01-e1731715569435-1536x504.jpg 1536w\" sizes=\"auto, (max-width: 1920px) 100vw, 1920px\" \/><\/figure>\n\n\n\n<div class=\"wp-block-group has-global-padding is-layout-constrained wp-container-core-group-is-layout-090da134 wp-block-group-is-layout-constrained\" style=\"padding-right:var(--wp--preset--spacing--20);padding-left:var(--wp--preset--spacing--20)\">\n<div style=\"height:2.3rem\" aria-hidden=\"true\" class=\"wp-block-spacer\"><\/div>\n\n\n\n<h1 class=\"wp-block-heading has-text-align-center has-x-large-font-size\">Atenci\u00f3n individual<\/h1>\n\n\n\n<div style=\"height:2.3rem\" aria-hidden=\"true\" class=\"wp-block-spacer\"><\/div>\n\n\n\n<figure class=\"wp-block-image aligncenter size-full is-resized\"><img loading=\"lazy\" decoding=\"async\" width=\"366\" height=\"370\" src=\"https:\/\/misionreinadelapaz.com\/wp-content\/uploads\/2024\/11\/assets_01.png\" alt=\"\" class=\"wp-image-52\" style=\"width:48px;height:auto\" srcset=\"https:\/\/misionreinadelapaz.com\/wp-content\/uploads\/2024\/11\/assets_01.png 366w, https:\/\/misionreinadelapaz.com\/wp-content\/uploads\/2024\/11\/assets_01-297x300.png 297w\" sizes=\"auto, (max-width: 366px) 100vw, 366px\" \/><\/figure>\n\n\n\n<div style=\"height:3rem\" aria-hidden=\"true\" class=\"wp-block-spacer\"><\/div>\n\n\n\n<h4 class=\"wp-block-heading has-text-align-center has-text-color has-link-color has-gentium-plus-font-family wp-elements-df2d44a68acdcd8334caf3233cb55d9f\" style=\"color:#185ab6;font-size:clamp(1.006rem, 1.006rem + ((1vw - 0.2rem) * 0.89), 1.54rem);font-style:italic;font-weight:700\"><strong>Patricia atender\u00e1 individualmente, abonando previamente un bono de atenci\u00f3n, los d\u00edas Viernes, S\u00e1bados y Domingos a partir de las 10 de la ma\u00f1ana.<\/strong><\/h4>\n\n\n\n<div style=\"height:2rem\" aria-hidden=\"true\" class=\"wp-block-spacer\"><\/div>\n\n\n\n<h4 class=\"wp-block-heading has-text-align-center has-text-color has-link-color has-gentium-plus-font-family wp-elements-cee67fa1157ef580c2a24fbc5c9475f5\" style=\"color:#185ab6;font-size:clamp(1.006rem, 1.006rem + ((1vw - 0.2rem) * 0.89), 1.54rem);font-style:italic;font-weight:700\">Por ser un cupo limitado, se solicita reservar su lugar con anticipaci\u00f3n.<br>De no anunciarse previamente, no podr\u00e1 ser atendido.<\/h4>\n\n\n\n<div style=\"height:1.3rem\" aria-hidden=\"true\" class=\"wp-block-spacer\"><\/div>\n\n\n\n<h4 class=\"wp-block-heading has-text-align-center has-text-color has-link-color has-gentium-plus-font-family wp-elements-ca1305f059e025313680afebf9a4bc77\" style=\"color:#185ab6;font-size:clamp(1.006rem, 1.006rem + ((1vw - 0.2rem) * 0.89), 1.54rem);font-style:italic;font-weight:700\">En caso de venir un contingente se dar\u00e1 una charla de apertura sobre el Carisma de Sanidad de la Madre para poder realizar la verdadera Sanidad del alma, para luego comenzar la atenci\u00f3n individual.<\/h4>\n\n\n\n<div style=\"height:1.3rem\" aria-hidden=\"true\" class=\"wp-block-spacer\"><\/div>\n\n\n\n<h4 class=\"wp-block-heading has-text-align-center has-text-color has-link-color has-gentium-plus-font-family wp-elements-8ff7a1b28c1d861c6e5cc22c70178a0f\" style=\"color:#185ab6;font-style:italic;font-weight:700\">Consultar por atenci\u00f3n a distancia v\u00eda video llamada.<\/h4>\n\n\n\n<div style=\"height:3rem\" aria-hidden=\"true\" class=\"wp-block-spacer\"><\/div>\n\n\n\n<figure class=\"wp-block-image aligncenter size-full is-resized\"><img loading=\"lazy\" decoding=\"async\" width=\"366\" height=\"370\" src=\"https:\/\/misionreinadelapaz.com\/wp-content\/uploads\/2024\/11\/assets_01.png\" alt=\"\" class=\"wp-image-52\" style=\"width:35px\" srcset=\"https:\/\/misionreinadelapaz.com\/wp-content\/uploads\/2024\/11\/assets_01.png 366w, https:\/\/misionreinadelapaz.com\/wp-content\/uploads\/2024\/11\/assets_01-297x300.png 297w\" sizes=\"auto, (max-width: 366px) 100vw, 366px\" \/><\/figure>\n\n\n\n<div style=\"height:4rem\" aria-hidden=\"true\" class=\"wp-block-spacer\"><\/div>\n\n\n\n<h4 class=\"wp-block-heading has-text-align-center has-faustina-font-family\" style=\"font-size:clamp(0.984rem, 0.984rem + ((1vw - 0.2rem) * 0.86), 1.5rem);\"><strong>Para reservar su lugar, o realizar una consulta, comunicarse por WhatsApp al&nbsp;(+54 9) 221-6025427&nbsp;&#8211; Juan Francisco Ojeda, coordinador del Santuario y actividades.<\/strong><\/h4>\n\n\n\n<div style=\"height:1.8rem\" aria-hidden=\"true\" class=\"wp-block-spacer\"><\/div>\n\n\n\n<h4 class=\"wp-block-heading has-faustina-font-family\" style=\"font-size:clamp(0.984rem, 0.984rem + ((1vw - 0.2rem) * 0.86), 1.5rem);\"><strong><em>La Misi\u00f3n Reina de la Paz se reserva el derecho de admisi\u00f3n, por ser un predio privado, de aquellas personas o grupos que concurran de la forma inadecuada, o sin presentarse con el debido respeto que cada Servicio merece.<\/em><\/strong><\/h4>\n\n\n\n<div style=\"height:4rem\" aria-hidden=\"true\" class=\"wp-block-spacer\"><\/div>\n<\/div>\n\n\n\n<div class=\"wp-block-group has-global-padding is-layout-constrained wp-container-core-group-is-layout-650790e1 wp-block-group-is-layout-constrained\">\n<figure class=\"wp-block-image aligncenter size-full is-resized\"><img loading=\"lazy\" decoding=\"async\" width=\"366\" height=\"370\" src=\"https:\/\/misionreinadelapaz.com\/wp-content\/uploads\/2024\/11\/assets_01.png\" alt=\"\" class=\"wp-image-52\" style=\"width:48px;height:auto\" srcset=\"https:\/\/misionreinadelapaz.com\/wp-content\/uploads\/2024\/11\/assets_01.png 366w, https:\/\/misionreinadelapaz.com\/wp-content\/uploads\/2024\/11\/assets_01-297x300.png 297w\" sizes=\"auto, (max-width: 366px) 100vw, 366px\" \/><\/figure>\n\n\n\n<div style=\"height:3rem\" aria-hidden=\"true\" class=\"wp-block-spacer\"><\/div>\n<\/div>\n<\/div>\n<\/div>\n\n\n\n<div class=\"wp-block-column is-layout-flow wp-block-column-is-layout-flow\" style=\"flex-basis:11%\"><\/div>\n<\/div>\n<\/main>\n\n\n\n<div style=\"height:57px\" aria-hidden=\"true\" class=\"wp-block-spacer\"><\/div>\n\n\n\n<div class=\"wp-block-group alignfull has-base-2-background-color has-background has-global-padding is-layout-constrained wp-container-core-group-is-layout-271d7a2a wp-block-group-is-layout-constrained\" style=\"margin-top:0px;margin-bottom:0px;padding-top:var(--wp--preset--spacing--50);padding-right:var(--wp--preset--spacing--50);padding-bottom:var(--wp--preset--spacing--50);padding-left:var(--wp--preset--spacing--50)\">\n<div class=\"wp-block-group is-vertical is-content-justification-center is-layout-flex wp-container-core-group-is-layout-52b864f0 wp-block-group-is-layout-flex\">\n<div style=\"height:0px\" aria-hidden=\"true\" class=\"wp-block-spacer wp-container-content-9760934e\"><\/div>\n\n\n\n<div class=\"wp-block-group has-global-padding is-layout-constrained wp-block-group-is-layout-constrained\">\n<h4 class=\"wp-block-heading has-text-align-center\"><strong>Barrio Santa Isabel<\/strong><\/h4>\n\n\n\n<h5 class=\"wp-block-heading has-text-align-center\">Ruta 38 km 91, en la localidad de Charbonier<\/h5>\n\n\n\n<p class=\"has-text-align-center\">9 km al Norte de Capilla del Monte \u2013 C\u00f3rdoba \u2013 Argentina<\/p>\n\n\n\n<p class=\"has-text-align-center\">Tel\u00e9fono: (+54 9 221) 15-6025427<\/p>\n\n\n\n<p class=\"has-text-align-center\">Email Consultas: misionreinadelapaz@hotmail.com<\/p>\n\n\n\n<div style=\"height:24px\" aria-hidden=\"true\" class=\"wp-block-spacer\"><\/div>\n<\/div>\n\n\n\n<div style=\"height:0px\" aria-hidden=\"true\" class=\"wp-block-spacer wp-container-content-4f2ccadb\"><\/div>\n\n\n\n<div class=\"wp-block-buttons is-content-justification-center is-layout-flex wp-container-core-buttons-is-layout-a89b3969 wp-block-buttons-is-layout-flex\">\n<div class=\"wp-block-button is-style-outline is-style-outline--2\"><a class=\"wp-block-button__link wp-element-button\" href=\"https:\/\/misionreinadelapaz.com\/index.php\/predicas\/\">NOVEDADES<\/a><\/div>\n<\/div>\n<\/div>\n<\/div>\n\n\n\n<div class=\"wp-block-group alignfull has-background is-layout-flow wp-block-group-is-layout-flow\" style=\"background:linear-gradient(0deg,rgb(245,248,250) 0%,rgba(81,166,224,0.32) 100%);margin-top:0px;margin-bottom:0px\">\n<div style=\"height:15px\" aria-hidden=\"true\" class=\"wp-block-spacer\"><\/div>\n<\/div>\n\n\n\n<p><\/p>\n","protected":false},"excerpt":{"rendered":"<p>Don de Sanidad Atenci\u00f3n individual Patricia atender\u00e1 individualmente, abonando previamente un bono de atenci\u00f3n, los d\u00edas Viernes, S\u00e1bados y Domingos a partir de las 10 de la ma\u00f1ana. Por ser un cupo limitado, se solicita reservar su lugar con anticipaci\u00f3n.De no anunciarse previamente, no podr\u00e1 ser atendido. En caso de venir un contingente se dar\u00e1 [&hellip;]<\/p>\n","protected":false},"author":1,"featured_media":0,"parent":0,"menu_order":0,"comment_status":"closed","ping_status":"closed","template":"page-no-title","meta":{"footnotes":""},"class_list":["post-949","page","type-page","status-publish","hentry"],"_links":{"self":[{"href":"https:\/\/misionreinadelapaz.com\/index.php\/wp-json\/wp\/v2\/pages\/949","targetHints":{"allow":["GET"]}}],"collection":[{"href":"https:\/\/misionreinadelapaz.com\/index.php\/wp-json\/wp\/v2\/pages"}],"about":[{"href":"https:\/\/misionreinadelapaz.com\/index.php\/wp-json\/wp\/v2\/types\/page"}],"author":[{"embeddable":true,"href":"https:\/\/misionreinadelapaz.com\/index.php\/wp-json\/wp\/v2\/users\/1"}],"replies":[{"embeddable":true,"href":"https:\/\/misionreinadelapaz.com\/index.php\/wp-json\/wp\/v2\/comments?post=949"}],"version-history":[{"count":52,"href":"https:\/\/misionreinadelapaz.com\/index.php\/wp-json\/wp\/v2\/pages\/949\/revisions"}],"predecessor-version":[{"id":1037,"href":"https:\/\/misionreinadelapaz.com\/index.php\/wp-json\/wp\/v2\/pages\/949\/revisions\/1037"}],"wp:attachment":[{"href":"https:\/\/misionreinadelapaz.com\/index.php\/wp-json\/wp\/v2\/media?parent=949"}],"curies":[{"name":"wp","href":"https:\/\/api.w.org\/{rel}","templated":true}]}}