{"id":74,"date":"2025-07-01T11:30:56","date_gmt":"2025-07-01T11:30:56","guid":{"rendered":"https:\/\/misionreinadelapaz.com\/?page_id=74"},"modified":"2026-04-12T12:42:24","modified_gmt":"2026-04-12T12:42:24","slug":"servicio-de-aparicion","status":"publish","type":"page","link":"https:\/\/misionreinadelapaz.com\/index.php\/servicio-de-aparicion\/","title":{"rendered":"Servicio de Aparici\u00f3n"},"content":{"rendered":"\n<div style=\"background-image:url(&apos;https:\/\/misionreinadelapaz.com\/wp-content\/uploads\/2024\/11\/Cabezal_01-e1731715569435.jpg&apos;);background-size:cover;\" class=\"wp-block-group alignfull is-layout-flow wp-block-group-is-layout-flow has-background\">\n<div class=\"wp-block-group is-layout-flow wp-block-group-is-layout-flow\">\n<div style=\"height:55px\" aria-hidden=\"true\" class=\"wp-block-spacer\"><\/div>\n\n\n\n<h1 class=\"wp-block-heading has-text-align-center txtsombra2 has-text-color has-link-color wp-elements-7f7b073244be93893048aa39a35e569c\" style=\"color:#ffffff;font-size:clamp(2.418rem, 2.418rem + ((1vw - 0.2rem) * 3.47), 4.5rem);\">Servicio de Aparici\u00f3n<\/h1>\n\n\n\n<div style=\"height:45px\" aria-hidden=\"true\" class=\"wp-block-spacer\"><\/div>\n<\/div>\n\n\n\n<div class=\"wp-block-group alignfull nomargin has-background is-layout-flow wp-block-group-is-layout-flow\" style=\"background:linear-gradient(0deg,rgb(245,248,250) 0%,rgba(81,167,224,0.52) 88%,rgba(223,217,92,0.52) 98%);margin-top:0px;margin-bottom:0px\">\n<div style=\"height:30px\" aria-hidden=\"true\" class=\"wp-block-spacer nomargin\"><\/div>\n<\/div>\n<\/div>\n\n\n\n<div style=\"height:80px\" aria-hidden=\"true\" class=\"wp-block-spacer\"><\/div>\n\n\n\n<h1 class=\"wp-block-heading has-text-align-center has-x-large-font-size\">D\u00edas de APARICI\u00d3N<\/h1>\n\n\n\n<h2 class=\"wp-block-heading has-text-align-center\"><strong>2026<\/strong><\/h2>\n\n\n\n<div style=\"height:2rem\" aria-hidden=\"true\" class=\"wp-block-spacer\"><\/div>\n\n\n\n<figure class=\"wp-block-image aligncenter size-full is-resized\"><img loading=\"lazy\" decoding=\"async\" width=\"366\" height=\"370\" src=\"https:\/\/misionreinadelapaz.com\/wp-content\/uploads\/2024\/11\/assets_01.png\" alt=\"\" class=\"wp-image-52\" style=\"width:60px\" srcset=\"https:\/\/misionreinadelapaz.com\/wp-content\/uploads\/2024\/11\/assets_01.png 366w, https:\/\/misionreinadelapaz.com\/wp-content\/uploads\/2024\/11\/assets_01-297x300.png 297w\" sizes=\"auto, (max-width: 366px) 100vw, 366px\" \/><\/figure>\n\n\n\n<div style=\"height:4rem\" aria-hidden=\"true\" class=\"wp-block-spacer\"><\/div>\n\n\n\n<h2 class=\"wp-block-heading has-text-align-center has-text-color has-link-color has-quintessential-font-family wp-elements-e915aa695b40c832cb484232567440b6\" style=\"color:#059df6\">S\u00e1bado 9 de Mayo<\/h2>\n\n\n\n<div style=\"height:20px\" aria-hidden=\"true\" class=\"wp-block-spacer\"><\/div>\n\n\n\n<h2 class=\"wp-block-heading has-text-align-center has-text-color has-link-color has-quintessential-font-family wp-elements-723983c1e6b6e9e2c38d7cf796b63b3a\" style=\"color:#059df6\">S\u00e1bado 13 de Junio<\/h2>\n\n\n\n<div style=\"height:20px\" aria-hidden=\"true\" class=\"wp-block-spacer\"><\/div>\n\n\n\n<h2 class=\"wp-block-heading has-text-align-center has-text-color has-link-color has-quintessential-font-family wp-elements-37f2f452cf0e11a770d10b8908a3025b\" style=\"color:#059df6\">S\u00e1bado 11 de Julio<\/h2>\n\n\n\n<div style=\"height:20px\" aria-hidden=\"true\" class=\"wp-block-spacer\"><\/div>\n\n\n\n<h2 class=\"wp-block-heading has-text-align-center has-text-color has-link-color has-quintessential-font-family wp-elements-c74c1396649d93f9612b63cb3e41edd1\" style=\"color:#059df6\">S\u00e1bado 8 de Agosto<\/h2>\n\n\n\n<div style=\"height:20px\" aria-hidden=\"true\" class=\"wp-block-spacer\"><\/div>\n\n\n\n<h2 class=\"wp-block-heading has-text-align-center has-text-color has-link-color has-quintessential-font-family wp-elements-b766d05f2a6a0c6a84777a285779777e\" style=\"color:#059df6\">S\u00e1bado 12 de Septiembre<\/h2>\n\n\n\n<p class=\"has-text-align-center has-text-color has-link-color has-quintessential-font-family wp-elements-7162a78b5ef955a00f3de792332680e0\" style=\"color:#9045e6;font-size:clamp(1.453rem, 1.453rem + ((1vw - 0.2rem) * 1.578), 2.4rem);font-style:normal;font-weight:700;line-height:0.3\"><\/p>\n\n\n\n<div style=\"height:2rem\" aria-hidden=\"true\" class=\"wp-block-spacer\"><\/div>\n\n\n\n<p class=\"has-text-align-center has-text-color has-link-color has-faustina-font-family wp-elements-cb14e5038e729a0c99e2cc99359863f7\" style=\"color:#059df6;font-size:clamp(1.352rem, 1.352rem + ((1vw - 0.2rem) * 1.413), 2.2rem);text-decoration:none\">a las 10 hs.<\/p>\n\n\n\n<div style=\"height:3.5rem\" aria-hidden=\"true\" class=\"wp-block-spacer\"><\/div>\n\n\n\n<figure class=\"wp-block-image aligncenter size-full is-resized\"><img loading=\"lazy\" decoding=\"async\" width=\"366\" height=\"370\" src=\"https:\/\/misionreinadelapaz.com\/wp-content\/uploads\/2024\/11\/assets_01.png\" alt=\"\" class=\"wp-image-52\" style=\"width:60px\" srcset=\"https:\/\/misionreinadelapaz.com\/wp-content\/uploads\/2024\/11\/assets_01.png 366w, https:\/\/misionreinadelapaz.com\/wp-content\/uploads\/2024\/11\/assets_01-297x300.png 297w\" sizes=\"auto, (max-width: 366px) 100vw, 366px\" \/><\/figure>\n\n\n\n<div style=\"height:5rem\" aria-hidden=\"true\" class=\"wp-block-spacer\"><\/div>\n\n\n\n<h4 class=\"wp-block-heading has-text-align-center has-text-color has-link-color has-gentium-plus-font-family wp-elements-0b6ac2a8f4f927407a5c41401c861ff3\" style=\"color:#185ab6;font-style:italic;font-weight:700\"><strong>Se dar\u00e1 una apertura donde descender\u00e1 la Bendici\u00f3n del<br>Servicio acompa\u00f1ado con pr\u00e9dica para los presentes para<br>comprender que el Don de Sanidad es para el alma.<\/strong><\/h4>\n\n\n\n<div style=\"height:2rem\" aria-hidden=\"true\" class=\"wp-block-spacer\"><\/div>\n\n\n\n<h4 class=\"wp-block-heading has-text-align-center has-text-color has-link-color has-gentium-plus-font-family wp-elements-addd3a807eaaf9c2bb4bc76329230c68\" style=\"color:#185ab6;font-style:italic;font-weight:700\"><strong>Una vez comenzada la actividad del Servicio ya no se permitir\u00e1 el ingreso<br>al predio a fin de mantener el orden del Servicio y del Santuario.<br>Les agradecemos llegar a horario para compartir con alegr\u00eda<br>la Bendici\u00f3n de la Madre.<\/strong><\/h4>\n\n\n\n<div style=\"height:5rem\" aria-hidden=\"true\" class=\"wp-block-spacer\"><\/div>\n\n\n\n<figure class=\"wp-block-image aligncenter size-full is-resized\"><img loading=\"lazy\" decoding=\"async\" width=\"366\" height=\"370\" src=\"https:\/\/misionreinadelapaz.com\/wp-content\/uploads\/2024\/11\/assets_01.png\" alt=\"\" class=\"wp-image-52\" style=\"width:35px\" srcset=\"https:\/\/misionreinadelapaz.com\/wp-content\/uploads\/2024\/11\/assets_01.png 366w, https:\/\/misionreinadelapaz.com\/wp-content\/uploads\/2024\/11\/assets_01-297x300.png 297w\" sizes=\"auto, (max-width: 366px) 100vw, 366px\" \/><\/figure>\n\n\n\n<p class=\"has-text-align-center\">&nbsp;<\/p>\n\n\n\n<div style=\"height:5rem\" aria-hidden=\"true\" class=\"wp-block-spacer\"><\/div>\n\n\n\n<main class=\"wp-block-group alignwide has-background has-global-padding is-layout-constrained wp-container-core-group-is-layout-07373e47 wp-block-group-is-layout-constrained\" style=\"background:linear-gradient(0deg,rgb(64,182,250) 0%,rgb(210,235,247) 100%);margin-top:0;padding-top:var(--wp--preset--spacing--10);padding-right:var(--wp--preset--spacing--10);padding-bottom:var(--wp--preset--spacing--10);padding-left:var(--wp--preset--spacing--10);background-image:url(&apos;https:\/\/misionreinadelapaz.com\/wp-content\/uploads\/2024\/11\/misionobras_006.jpg&apos;);background-position:46% 47%;background-repeat:no-repeat;background-size:contain;background-attachment:fixed;\">\n<div class=\"wp-block-columns is-layout-flex wp-container-core-columns-is-layout-28f84493 wp-block-columns-is-layout-flex\">\n<div class=\"wp-block-column is-layout-flow wp-block-column-is-layout-flow\" style=\"flex-basis:11%\"><\/div>\n\n\n\n<div class=\"wp-block-column is-layout-flow wp-block-column-is-layout-flow\" style=\"flex-basis:78%\">\n<div class=\"wp-block-group alignfull has-background has-global-padding is-layout-constrained wp-container-core-group-is-layout-5ca5f909 wp-block-group-is-layout-constrained\" style=\"border-radius:24px;background-color:#edffffe6;margin-top:var(--wp--preset--spacing--30);margin-bottom:var(--wp--preset--spacing--30);padding-top:var(--wp--preset--spacing--30);padding-right:var(--wp--preset--spacing--40);padding-bottom:var(--wp--preset--spacing--30);padding-left:var(--wp--preset--spacing--40);box-shadow:6px 6px 9px rgba(0, 0, 0, 0.2)\">\n<figure class=\"wp-block-image aligncenter size-full\" id=\"nosconvoca\"><img loading=\"lazy\" decoding=\"async\" width=\"724\" height=\"210\" src=\"https:\/\/misionreinadelapaz.com\/wp-content\/uploads\/2024\/11\/MRP-01-724x210-OVAL.png\" alt=\"\" class=\"wp-image-94\" srcset=\"https:\/\/misionreinadelapaz.com\/wp-content\/uploads\/2024\/11\/MRP-01-724x210-OVAL.png 724w, https:\/\/misionreinadelapaz.com\/wp-content\/uploads\/2024\/11\/MRP-01-724x210-OVAL-300x87.png 300w\" sizes=\"auto, (max-width: 724px) 100vw, 724px\" \/><\/figure>\n\n\n\n<div class=\"wp-block-group has-global-padding is-layout-constrained wp-container-core-group-is-layout-9bd67e5b wp-block-group-is-layout-constrained\">\n<div style=\"height:2.3rem\" aria-hidden=\"true\" class=\"wp-block-spacer\"><\/div>\n\n\n\n<figure class=\"wp-block-image aligncenter size-full is-resized\"><img loading=\"lazy\" decoding=\"async\" width=\"366\" height=\"370\" src=\"https:\/\/misionreinadelapaz.com\/wp-content\/uploads\/2024\/11\/assets_01.png\" alt=\"\" class=\"wp-image-52\" style=\"width:48px;height:auto\" srcset=\"https:\/\/misionreinadelapaz.com\/wp-content\/uploads\/2024\/11\/assets_01.png 366w, https:\/\/misionreinadelapaz.com\/wp-content\/uploads\/2024\/11\/assets_01-297x300.png 297w\" sizes=\"auto, (max-width: 366px) 100vw, 366px\" \/><\/figure>\n\n\n\n<div style=\"height:50px\" aria-hidden=\"true\" class=\"wp-block-spacer\"><\/div>\n\n\n\n<h4 class=\"wp-block-heading has-text-align-center has-faustina-font-family\" style=\"font-size:clamp(0.984rem, 0.984rem + ((1vw - 0.2rem) * 0.86), 1.5rem);\"><strong>La Sant\u00edsima Virgen Mar\u00eda se le Manifiesta a Su mensajera Patricia como Maestra Ascendida de almas, por eso Sus Mensajes y Conferencias son Develaciones de Su Palabra para que las almas alcancen Su Inmaculado y Sacrat\u00edsimo Coraz\u00f3n de Madre.<\/strong><\/h4>\n\n\n\n<h4 class=\"wp-block-heading has-text-align-center has-faustina-font-family\" style=\"font-size:clamp(0.984rem, 0.984rem + ((1vw - 0.2rem) * 0.86), 1.5rem);\"><br><strong>Ella se Adviene como Madre Blanca a todas las almas por igual, y Viene a comunicar y a preparar a Sus ni\u00f1os \u00edndigos, cristal y a los hijos del Arcoiris para el traspaso del tiempo planetario, y del Despertar que la hora requiere.<\/strong><\/h4>\n\n\n\n<p class=\"has-text-align-center\">&nbsp;<\/p>\n\n\n\n<div style=\"height:3rem\" aria-hidden=\"true\" class=\"wp-block-spacer\"><\/div>\n\n\n\n<h2 class=\"wp-block-heading has-text-align-center has-large-font-size\"><strong>Por ser un Servicio Dispensado por la Madre, se ruega asistir con ropas blancas o claras<\/strong><\/h2>\n\n\n\n<div style=\"height:2rem\" aria-hidden=\"true\" class=\"wp-block-spacer\"><\/div>\n\n\n\n<h5 class=\"wp-block-heading\"><strong><em>   El Servicio de Sanidad se reserva el derecho de admisi\u00f3n, por ser un predio privado, de aquellas personas o grupos que concurran de la forma inadecuada, o sin presentarse con el debido respeto que el Servicio merece.<\/em><\/strong><\/h5>\n\n\n\n<div style=\"height:2rem\" aria-hidden=\"true\" class=\"wp-block-spacer\"><\/div>\n\n\n\n<h5 class=\"wp-block-heading\" style=\"font-size:clamp(0.875rem, 0.875rem + ((1vw - 0.2rem) * 0.542), 1.2rem);\"><strong>Los ofrecimientos de micros y combis son generosidades de almas devotas a la Madre que han venido a los Servicios de Aparici\u00f3n y ellas mismas han pedido permiso a la Misi\u00f3n para organizar estos medios de movilidad para facilitarles a las personas llegar a los Servicios en los d\u00edas que la Virgen Hace su Manifestaci\u00f3n. La Misi\u00f3n no est\u00e1 incluida en estos servicios. Agradecemos la generosidad de estos corazones y esperamos que lo hagan con total amor y desinter\u00e9s, como todo lo que la Virgen ha inspirado para la Misi\u00f3n Reina de la Paz.<\/strong><\/h5>\n\n\n\n<div style=\"height:100px\" aria-hidden=\"true\" class=\"wp-block-spacer\"><\/div>\n\n\n\n<h4 class=\"wp-block-heading has-text-align-center has-quintessential-font-family\"><strong>Carisma para poder recibir el Don de Sanidad<\/strong><\/h4>\n\n\n\n<div style=\"height:2rem\" aria-hidden=\"true\" class=\"wp-block-spacer\"><\/div>\n\n\n\n<h5 class=\"wp-block-heading has-text-align-center\"><em><strong>   Les damos la bienvenida a nuestra humilde Casa y les deseamos la Paz que s\u00f3lo el Cielo que Es la Sant\u00edsima Virgen Mar\u00eda Puede Dar, y que por Su Santa Gracia puedan alcanzar la felicidad que s\u00f3lo la F\u00c9 verdadera puede brindarles a sus corazones.<\/strong><\/em><\/h5>\n\n\n\n<div style=\"height:2rem\" aria-hidden=\"true\" class=\"wp-block-spacer\"><\/div>\n\n\n\n<p><\/p>\n\n\n\n<p>El \u00c1ngel Gabriel Le Dice a la Dulce Ni\u00f1a Mar\u00eda\u2026<\/p>\n\n\n\n<p>\u201cFeliz por que Eres Llena de Gracia y Has cre\u00eddo que se cumplir\u00e1n estas cosas.\u201d<\/p>\n\n\n\n<p><\/p>\n\n\n\n<p>Se ruega participar de la pr\u00e9dica; si no se participa de la misma se les pedir\u00e1 que vuelvan en el pr\u00f3ximo encuentro de Sanidad, dado que de no comprender la Gracia de la misma, no podr\u00e1n avanzar en la Verdadera Sanidad del alma, que s\u00f3lo la conversi\u00f3n de vuestros corazones pueden alcanzar.<\/p>\n\n\n\n<p>Se ruega a los presentes respetar el Silencio necesario para conservar la Paz del servicio, no conversar ni comentar en el Ceremonial, en la Aparici\u00f3n ni en la Sanidad.<\/p>\n\n\n\n<p>Una vez recibida la Gracia de la Madre, se les pide que se retiren calladamente y en gratitud por la Paz recibida.<\/p>\n\n\n\n<p>Los Milagros de la Virgen Madre s\u00f3lo se advienen en un alma que vive en oraci\u00f3n, que espera en el silencio y en la perseverancia que es la humildad de reconocer nuestra peque\u00f1ez, esperando como un ni\u00f1o de Su Madre Celestial el Don que pedimos sabi\u00e9ndonos escuchados hasta que la Virgen Manifieste Su Gracia, a trav\u00e9s del Alma que Ella Dispone como Su servidora.<\/p>\n\n\n\n<p>Una vez recibida la exhortaci\u00f3n deben vivir de acuerdo a la amonestaci\u00f3n recibida haciendo prosperar la Gracia, para no dilapidar Su Don de Sanidad.<\/p>\n\n\n\n<p>La Virgen Mar\u00eda Dispuso una Misi\u00f3n de Conversi\u00f3n a trav\u00e9s de Su servidora y sus hijos, por eso deben venir con el coraz\u00f3n dispuesto para recibir la confesi\u00f3n de sus propios pecados porque reconoci\u00e9ndose as\u00ed mismos pecadores, podr\u00e1n ser Blanqueados por la Blancura de nuestra Sant\u00edsima Madre.<\/p>\n\n\n\n<p>El Don de Sanidad de la Virgen Mar\u00eda s\u00f3lo Desciende en el alma que quiera confesarse y quiera salvar su alma, porque la Virgen del Cielo Es Madre de almas Celestes y como Madre que Es las Viene a Salvar, a Cuidar, a Alimentar y a Rescatarlas del fango del barro en el que est\u00e1n, que es la conciencia del mundo donde impera el mal que es satan\u00e1s y sus secuaces.<\/p>\n\n\n\n<p>Las ofrendas se reciben con agradecimiento por vuestra generosidad.<\/p>\n\n\n\n<p>\u201cCada servidor merece su salario\u201d Mateo ( C\u00e1p. 10 del 6 -10 )<\/p>\n\n\n\n<div style=\"height:2rem\" aria-hidden=\"true\" class=\"wp-block-spacer\"><\/div>\n\n\n\n<p class=\"has-text-align-center\" style=\"margin-top:var(--wp--preset--spacing--10);margin-bottom:var(--wp--preset--spacing--10);font-size:clamp(0.875rem, 0.875rem + ((1vw - 0.2rem) * 0.542), 1.2rem);\"><strong>La Misi\u00f3n de la Virgen Reina de la Paz<\/strong><\/p>\n\n\n\n<p class=\"has-text-align-center\" style=\"margin-top:0;margin-bottom:0;font-size:clamp(0.875rem, 0.875rem + ((1vw - 0.2rem) * 0.542), 1.2rem);\">Recomienda rezar el Rosario todos los d\u00edas.<br>Velar y orar en la Hora de la Misericordia con el Santo Rosario.<br>Leer los Santos Evangelios y Cartas Pastorales.<br>Los libros Cristianos Ap\u00f3crifos.<br>Los Misterios Develados para el Nuevo Tiempo por Cristo Redentor,<br>Mar\u00eda de Nazareth y Saint Germain.<\/p>\n\n\n\n<div style=\"height:4rem\" aria-hidden=\"true\" class=\"wp-block-spacer\"><\/div>\n<\/div>\n\n\n\n<div class=\"wp-block-group has-global-padding is-layout-constrained wp-container-core-group-is-layout-650790e1 wp-block-group-is-layout-constrained\">\n<figure class=\"wp-block-image aligncenter size-full is-resized\"><img loading=\"lazy\" decoding=\"async\" width=\"366\" height=\"370\" src=\"https:\/\/misionreinadelapaz.com\/wp-content\/uploads\/2024\/11\/assets_01.png\" alt=\"\" class=\"wp-image-52\" style=\"width:48px;height:auto\" srcset=\"https:\/\/misionreinadelapaz.com\/wp-content\/uploads\/2024\/11\/assets_01.png 366w, https:\/\/misionreinadelapaz.com\/wp-content\/uploads\/2024\/11\/assets_01-297x300.png 297w\" sizes=\"auto, (max-width: 366px) 100vw, 366px\" \/><\/figure>\n\n\n\n<div style=\"height:3rem\" aria-hidden=\"true\" class=\"wp-block-spacer\"><\/div>\n<\/div>\n<\/div>\n<\/div>\n\n\n\n<div class=\"wp-block-column is-layout-flow wp-block-column-is-layout-flow\" style=\"flex-basis:11%\"><\/div>\n<\/div>\n<\/main>\n\n\n\n<div style=\"height:57px\" aria-hidden=\"true\" class=\"wp-block-spacer\"><\/div>\n\n\n\n<div class=\"wp-block-group alignfull has-base-2-background-color has-background has-global-padding is-layout-constrained wp-container-core-group-is-layout-271d7a2a wp-block-group-is-layout-constrained\" style=\"margin-top:0px;margin-bottom:0px;padding-top:var(--wp--preset--spacing--50);padding-right:var(--wp--preset--spacing--50);padding-bottom:var(--wp--preset--spacing--50);padding-left:var(--wp--preset--spacing--50)\">\n<div class=\"wp-block-group is-vertical is-content-justification-center is-layout-flex wp-container-core-group-is-layout-52b864f0 wp-block-group-is-layout-flex\">\n<div style=\"height:0px\" aria-hidden=\"true\" class=\"wp-block-spacer wp-container-content-9760934e\"><\/div>\n\n\n\n<div class=\"wp-block-group has-global-padding is-layout-constrained wp-block-group-is-layout-constrained\">\n<h4 class=\"wp-block-heading has-text-align-center\"><strong>Barrio Santa Isabel<\/strong><\/h4>\n\n\n\n<h5 class=\"wp-block-heading has-text-align-center\">Ruta 38 km 91, en la localidad de Charbonier<\/h5>\n\n\n\n<p class=\"has-text-align-center\">9 km al Norte de Capilla del Monte \u2013 C\u00f3rdoba \u2013 Argentina<\/p>\n\n\n\n<p class=\"has-text-align-center\">Tel\u00e9fono: (+54 9 221) 15-6025427<\/p>\n\n\n\n<p class=\"has-text-align-center\">Email Consultas: misionreinadelapaz@hotmail.com<\/p>\n\n\n\n<div style=\"height:24px\" aria-hidden=\"true\" class=\"wp-block-spacer\"><\/div>\n<\/div>\n\n\n\n<div style=\"height:0px\" aria-hidden=\"true\" class=\"wp-block-spacer wp-container-content-4f2ccadb\"><\/div>\n\n\n\n<div class=\"wp-block-buttons is-content-justification-center is-layout-flex wp-container-core-buttons-is-layout-a89b3969 wp-block-buttons-is-layout-flex\">\n<div class=\"wp-block-button is-style-outline is-style-outline--1\"><a class=\"wp-block-button__link wp-element-button\" href=\"https:\/\/misionreinadelapaz.com\/index.php\/predicas\/\">NOVEDADES<\/a><\/div>\n<\/div>\n<\/div>\n<\/div>\n\n\n\n<div class=\"wp-block-group alignfull has-background is-layout-flow wp-block-group-is-layout-flow\" style=\"background:linear-gradient(0deg,rgb(245,248,250) 0%,rgba(81,166,224,0.32) 100%);margin-top:0px;margin-bottom:0px\">\n<div style=\"height:15px\" aria-hidden=\"true\" class=\"wp-block-spacer\"><\/div>\n<\/div>\n\n\n\n<p><\/p>\n","protected":false},"excerpt":{"rendered":"<p>Servicio de Aparici\u00f3n D\u00edas de APARICI\u00d3N 2026 S\u00e1bado 9 de Mayo S\u00e1bado 13 de Junio S\u00e1bado 11 de Julio S\u00e1bado 8 de Agosto S\u00e1bado 12 de Septiembre a las 10 hs. Se dar\u00e1 una apertura donde descender\u00e1 la Bendici\u00f3n delServicio acompa\u00f1ado con pr\u00e9dica para los presentes paracomprender que el Don de Sanidad es para el [&hellip;]<\/p>\n","protected":false},"author":1,"featured_media":403,"parent":0,"menu_order":0,"comment_status":"closed","ping_status":"closed","template":"page-no-title","meta":{"footnotes":""},"class_list":["post-74","page","type-page","status-publish","has-post-thumbnail","hentry"],"_links":{"self":[{"href":"https:\/\/misionreinadelapaz.com\/index.php\/wp-json\/wp\/v2\/pages\/74","targetHints":{"allow":["GET"]}}],"collection":[{"href":"https:\/\/misionreinadelapaz.com\/index.php\/wp-json\/wp\/v2\/pages"}],"about":[{"href":"https:\/\/misionreinadelapaz.com\/index.php\/wp-json\/wp\/v2\/types\/page"}],"author":[{"embeddable":true,"href":"https:\/\/misionreinadelapaz.com\/index.php\/wp-json\/wp\/v2\/users\/1"}],"replies":[{"embeddable":true,"href":"https:\/\/misionreinadelapaz.com\/index.php\/wp-json\/wp\/v2\/comments?post=74"}],"version-history":[{"count":75,"href":"https:\/\/misionreinadelapaz.com\/index.php\/wp-json\/wp\/v2\/pages\/74\/revisions"}],"predecessor-version":[{"id":1041,"href":"https:\/\/misionreinadelapaz.com\/index.php\/wp-json\/wp\/v2\/pages\/74\/revisions\/1041"}],"wp:featuredmedia":[{"embeddable":true,"href":"https:\/\/misionreinadelapaz.com\/index.php\/wp-json\/wp\/v2\/media\/403"}],"wp:attachment":[{"href":"https:\/\/misionreinadelapaz.com\/index.php\/wp-json\/wp\/v2\/media?parent=74"}],"curies":[{"name":"wp","href":"https:\/\/api.w.org\/{rel}","templated":true}]}}