{"id":572,"date":"2024-12-02T23:42:50","date_gmt":"2024-12-02T23:42:50","guid":{"rendered":"https:\/\/misionreinadelapaz.com\/?page_id=572"},"modified":"2025-04-09T10:01:51","modified_gmt":"2025-04-09T10:01:51","slug":"como-llegar","status":"publish","type":"page","link":"https:\/\/misionreinadelapaz.com\/index.php\/como-llegar\/","title":{"rendered":"Como llegar"},"content":{"rendered":"\n<div style=\"background-image:url(&apos;https:\/\/misionreinadelapaz.com\/wp-content\/uploads\/2024\/11\/Cabezal_01-e1731715569435.jpg&apos;);background-size:cover;\" class=\"wp-block-group alignfull is-layout-flow wp-block-group-is-layout-flow has-background\">\n<div class=\"wp-block-group is-layout-flow wp-block-group-is-layout-flow\">\n<div style=\"height:55px\" aria-hidden=\"true\" class=\"wp-block-spacer\"><\/div>\n\n\n\n<h1 class=\"wp-block-heading has-text-align-center txtsombra2 has-contrast-2-color has-text-color has-link-color has-large-font-size wp-elements-15abfe57c45d4ec96a68b6b951e5bf10\">Como llegar &#8211; CONTACTO<\/h1>\n\n\n\n<div style=\"height:45px\" aria-hidden=\"true\" class=\"wp-block-spacer\"><\/div>\n<\/div>\n\n\n\n<div class=\"wp-block-group alignfull nomargin has-background is-layout-flow wp-block-group-is-layout-flow\" style=\"background:linear-gradient(0deg,rgb(245,248,250) 0%,rgba(81,167,224,0.52) 88%,rgba(223,217,92,0.52) 98%);margin-top:0px;margin-bottom:0px\">\n<div style=\"height:30px\" aria-hidden=\"true\" class=\"wp-block-spacer nomargin\"><\/div>\n<\/div>\n<\/div>\n\n\n\n<div class=\"wp-block-group alignfull has-global-padding is-layout-constrained wp-container-core-group-is-layout-f36bc466 wp-block-group-is-layout-constrained\">\n<div style=\"height:70px\" aria-hidden=\"true\" class=\"wp-block-spacer\"><\/div>\n\n\n\n<h2 class=\"wp-block-heading has-text-align-center\">BARRIO SANTA ISABEL<\/h2>\n\n\n\n<div style=\"height:20px\" aria-hidden=\"true\" class=\"wp-block-spacer\"><\/div>\n\n\n\n<h5 class=\"wp-block-heading has-text-align-center\">RUTA 38&nbsp;&#8211; KM 91 A 50 METROS DE LA ENTRADA AL BARRIO<\/h5>\n\n\n\n<h5 class=\"wp-block-heading has-text-align-center\">9 KM AL NORTE DE CAPILLA DEL MONTE<\/h5>\n\n\n\n<h5 class=\"wp-block-heading has-text-align-center\">LOCALIDAD DE CHARBONIER<\/h5>\n\n\n\n<h5 class=\"wp-block-heading has-text-align-center\">C\u00d3RDOBA &#8211; ARGENTINA<\/h5>\n\n\n\n<h5 class=\"wp-block-heading has-text-align-center\">TEL\u00c9FONO: (+54 9 221) 15-6025427<\/h5>\n\n\n\n<div style=\"height:50px\" aria-hidden=\"true\" class=\"wp-block-spacer\"><\/div>\n\n\n\n<figure class=\"wp-block-image aligncenter size-full has-custom-border\"><img loading=\"lazy\" decoding=\"async\" width=\"640\" height=\"640\" src=\"https:\/\/misionreinadelapaz.com\/wp-content\/uploads\/2025\/04\/MRP-Foto-de-entrada-.jpg\" alt=\"\" class=\"wp-image-943\" style=\"border-radius:10px\" srcset=\"https:\/\/misionreinadelapaz.com\/wp-content\/uploads\/2025\/04\/MRP-Foto-de-entrada-.jpg 640w, https:\/\/misionreinadelapaz.com\/wp-content\/uploads\/2025\/04\/MRP-Foto-de-entrada--300x300.jpg 300w, https:\/\/misionreinadelapaz.com\/wp-content\/uploads\/2025\/04\/MRP-Foto-de-entrada--150x150.jpg 150w\" sizes=\"auto, (max-width: 640px) 100vw, 640px\" \/><\/figure>\n\n\n\n<div style=\"height:70px\" aria-hidden=\"true\" class=\"wp-block-spacer\"><\/div>\n\n\n\n<h5 class=\"wp-block-heading has-text-align-center has-gilda-display-font-family has-large-font-size\">Santuario de la Misi\u00f3n Reina de la Paz<\/h5>\n\n\n\n<figure class=\"wp-block-image aligncenter size-full has-custom-border\"><img loading=\"lazy\" decoding=\"async\" width=\"2560\" height=\"1505\" src=\"https:\/\/misionreinadelapaz.com\/wp-content\/uploads\/2025\/02\/Entrada-al-Santuario-scaled.jpg\" alt=\"\" class=\"wp-image-888\" style=\"border-radius:10px\" srcset=\"https:\/\/misionreinadelapaz.com\/wp-content\/uploads\/2025\/02\/Entrada-al-Santuario-scaled.jpg 2560w, https:\/\/misionreinadelapaz.com\/wp-content\/uploads\/2025\/02\/Entrada-al-Santuario-300x176.jpg 300w, https:\/\/misionreinadelapaz.com\/wp-content\/uploads\/2025\/02\/Entrada-al-Santuario-1024x602.jpg 1024w, https:\/\/misionreinadelapaz.com\/wp-content\/uploads\/2025\/02\/Entrada-al-Santuario-768x451.jpg 768w, https:\/\/misionreinadelapaz.com\/wp-content\/uploads\/2025\/02\/Entrada-al-Santuario-1536x903.jpg 1536w, https:\/\/misionreinadelapaz.com\/wp-content\/uploads\/2025\/02\/Entrada-al-Santuario-2048x1204.jpg 2048w\" sizes=\"auto, (max-width: 2560px) 100vw, 2560px\" \/><\/figure>\n\n\n\n<div style=\"height:70px\" aria-hidden=\"true\" class=\"wp-block-spacer\"><\/div>\n\n\n\n<div class=\"wp-block-columns is-layout-flex wp-container-core-columns-is-layout-28f84493 wp-block-columns-is-layout-flex\">\n<div class=\"wp-block-column is-layout-flow wp-block-column-is-layout-flow\" style=\"flex-basis:25%\">\n<h4 class=\"wp-block-heading has-text-align-right\" style=\"line-height:0.1\">EMAIL<\/h4>\n<\/div>\n\n\n\n<div class=\"wp-block-column is-layout-flow wp-block-column-is-layout-flow\" style=\"flex-basis:65%\">\n<ul style=\"line-height:0.7\" class=\"wp-block-list\">\n<li style=\"margin-top:0;margin-bottom:0;padding-top:var(--wp--preset--spacing--20);padding-bottom:var(--wp--preset--spacing--20);line-height:1.7;text-transform:lowercase\"><a href=\"mailto:MISIONREINADELAPAZ@HOTMAIL.COM\">MISIONREINADELAPAZ@HOTMAIL.COM<\/a><\/li>\n\n\n\n<li><a href=\"mailto:misionreinadelapazdondesanidad@gmail.com\">misionreinadelapazdondesanidad@gmail.com<\/a><\/li>\n<\/ul>\n<\/div>\n\n\n\n<div class=\"wp-block-column is-layout-flow wp-block-column-is-layout-flow\" style=\"flex-basis:10%\"><\/div>\n<\/div>\n\n\n\n<div style=\"height:70px\" aria-hidden=\"true\" class=\"wp-block-spacer\"><\/div>\n<\/div>\n","protected":false},"excerpt":{"rendered":"<p>Como llegar &#8211; CONTACTO BARRIO SANTA ISABEL RUTA 38&nbsp;&#8211; KM 91 A 50 METROS DE LA ENTRADA AL BARRIO 9 KM AL NORTE DE CAPILLA DEL MONTE LOCALIDAD DE CHARBONIER C\u00d3RDOBA &#8211; ARGENTINA TEL\u00c9FONO: (+54 9 221) 15-6025427 Santuario de la Misi\u00f3n Reina de la Paz EMAIL<\/p>\n","protected":false},"author":1,"featured_media":0,"parent":0,"menu_order":0,"comment_status":"closed","ping_status":"closed","template":"page-no-title","meta":{"footnotes":""},"class_list":["post-572","page","type-page","status-publish","hentry"],"_links":{"self":[{"href":"https:\/\/misionreinadelapaz.com\/index.php\/wp-json\/wp\/v2\/pages\/572","targetHints":{"allow":["GET"]}}],"collection":[{"href":"https:\/\/misionreinadelapaz.com\/index.php\/wp-json\/wp\/v2\/pages"}],"about":[{"href":"https:\/\/misionreinadelapaz.com\/index.php\/wp-json\/wp\/v2\/types\/page"}],"author":[{"embeddable":true,"href":"https:\/\/misionreinadelapaz.com\/index.php\/wp-json\/wp\/v2\/users\/1"}],"replies":[{"embeddable":true,"href":"https:\/\/misionreinadelapaz.com\/index.php\/wp-json\/wp\/v2\/comments?post=572"}],"version-history":[{"count":26,"href":"https:\/\/misionreinadelapaz.com\/index.php\/wp-json\/wp\/v2\/pages\/572\/revisions"}],"predecessor-version":[{"id":944,"href":"https:\/\/misionreinadelapaz.com\/index.php\/wp-json\/wp\/v2\/pages\/572\/revisions\/944"}],"wp:attachment":[{"href":"https:\/\/misionreinadelapaz.com\/index.php\/wp-json\/wp\/v2\/media?parent=572"}],"curies":[{"name":"wp","href":"https:\/\/api.w.org\/{rel}","templated":true}]}}