{"id":350,"date":"2024-11-09T14:15:48","date_gmt":"2024-11-09T14:15:48","guid":{"rendered":"https:\/\/misionreinadelapaz.com\/?page_id=350"},"modified":"2025-02-25T22:59:13","modified_gmt":"2025-02-25T22:59:13","slug":"encuentros-2","status":"publish","type":"page","link":"https:\/\/misionreinadelapaz.com\/index.php\/encuentros-2\/","title":{"rendered":"Encuentros"},"content":{"rendered":"\n<div style=\"background-image:url(&apos;https:\/\/misionreinadelapaz.com\/wp-content\/uploads\/2024\/11\/Cabezal_01-e1731715569435.jpg&apos;);background-size:cover;\" class=\"wp-block-group alignfull is-layout-flow wp-block-group-is-layout-flow has-background\">\n<div class=\"wp-block-group is-layout-flow wp-block-group-is-layout-flow\">\n<div style=\"height:55px\" aria-hidden=\"true\" class=\"wp-block-spacer\"><\/div>\n\n\n\n<h1 class=\"wp-block-heading has-text-align-center txtsombra2 has-contrast-2-color has-text-color has-link-color has-large-font-size wp-elements-90bf73605190cf395e35ebc1d5a43bf2\">ENCUENTROS<\/h1>\n\n\n\n<div style=\"height:45px\" aria-hidden=\"true\" class=\"wp-block-spacer\"><\/div>\n<\/div>\n\n\n\n<div class=\"wp-block-group alignfull nomargin has-background is-layout-flow wp-block-group-is-layout-flow\" style=\"background:linear-gradient(0deg,rgb(245,248,250) 0%,rgba(81,167,224,0.52) 88%,rgba(223,217,92,0.52) 98%);margin-top:0px;margin-bottom:0px\">\n<div style=\"height:30px\" aria-hidden=\"true\" class=\"wp-block-spacer nomargin\"><\/div>\n<\/div>\n<\/div>\n\n\n\n<div style=\"height:50px\" aria-hidden=\"true\" class=\"wp-block-spacer\"><\/div>\n\n\n\n<h1 class=\"wp-block-heading has-text-align-center has-imperial-script-font-family has-xx-large-font-size\" style=\"text-transform:capitalize\">C\u00f3mo coordinar encuentros grupales<\/h1>\n\n\n\n<div style=\"height:20px\" aria-hidden=\"true\" class=\"wp-block-spacer\"><\/div>\n\n\n\n<p class=\"has-text-color has-link-color has-quintessential-font-family has-large-font-size wp-elements-ad75910f0f07784b41f0b4f0178ff151\" style=\"color:#05a6fa\">Destinado a aquellos grupos que ya hayan asistido a un Servicio de Aparici\u00f3n y quieran participar de un encuentro personal con Patricia, para recibir un momento de Mensaje y de charla compartida, con preguntas y respuestas sobre el Mensaje que la Virgen como Maestra Ascendida nos da a conocer a trav\u00e9s de Su mensajera.<\/p>\n\n\n\n<div style=\"height:20px\" aria-hidden=\"true\" class=\"wp-block-spacer\"><\/div>\n\n\n\n<p class=\"has-text-align-left\" style=\"font-size:clamp(0.929rem, 0.929rem + ((1vw - 0.2rem) * 0.785), 1.4rem);\">   Para ser atendidos los grupos que peregrinen a recibir la Bendici\u00f3n de la Virgen a trav\u00e9s de Su mensajera Patricia:<\/p>\n\n\n\n<div style=\"height:5px\" aria-hidden=\"true\" class=\"wp-block-spacer\"><\/div>\n\n\n\n<blockquote class=\"wp-block-quote has-text-color has-link-color has-faustina-font-family wp-elements-20df194c135ae97d21f023dc229e4425 is-layout-flow wp-block-quote-is-layout-flow\" style=\"color:#314b8c;padding-top:2rem;padding-bottom:2rem;font-size:clamp(1.092rem, 1.092rem + ((1vw - 0.2rem) * 1.013), 1.7rem);\">\n<p class=\"has-text-align-center nomargin\" style=\"font-size:clamp(0.875rem, 0.875rem + ((1vw - 0.2rem) * 0.708), 1.3rem);\">Le pedimos al coordinador de dichos grupos que lo anuncie a trav\u00e9s de nuestro correo electr\u00f3nico:<\/p>\n\n\n\n<p class=\"has-text-align-center nomargin\" style=\"font-size:clamp(0.875rem, 0.875rem + ((1vw - 0.2rem) * 0.708), 1.3rem);\">misionreinadelapaz@hotmail.com<\/p>\n\n\n\n<p class=\"has-text-align-center\" style=\"font-size:clamp(0.875rem, 0.875rem + ((1vw - 0.2rem) * 0.708), 1.3rem);\">O se comunique al tel\u00e9fono:<\/p>\n\n\n\n<p class=\"has-text-align-center nomargin\" style=\"font-size:clamp(0.875rem, 0.875rem + ((1vw - 0.2rem) * 0.708), 1.3rem);\">(+54 9 221) 6025427<\/p>\n\n\n\n<p class=\"has-text-align-center nomargin\" style=\"font-size:clamp(0.875rem, 0.875rem + ((1vw - 0.2rem) * 0.708), 1.3rem);\">A fin de coordinar el encuentro para esta actividad de Servicio de Sanidad<\/p>\n\n\n\n<p class=\"has-text-align-center nomargin\" style=\"font-size:clamp(0.875rem, 0.875rem + ((1vw - 0.2rem) * 0.708), 1.3rem);\">Ser\u00e1 un gusto recibirlos<\/p>\n<\/blockquote>\n\n\n\n<div style=\"height:20px\" aria-hidden=\"true\" class=\"wp-block-spacer\"><\/div>\n\n\n\n<p class=\"has-text-align-center\"><strong>Coordinador del Santuario y actividades<\/strong><\/p>\n\n\n\n<p class=\"has-text-align-center\" style=\"font-size:clamp(0.929rem, 0.929rem + ((1vw - 0.2rem) * 0.785), 1.4rem);\">Juan Francisco Ojeda &#8211; (+54 9 221) 15-6025427<\/p>\n\n\n\n<div style=\"height:20px\" aria-hidden=\"true\" class=\"wp-block-spacer\"><\/div>\n\n\n\n<p class=\"has-text-align-center\">Las actividades que se realicen, y los momentos a compartir, se organizar\u00e1n de acuerdo con el grupo.<\/p>\n\n\n\n<div style=\"height:50px\" aria-hidden=\"true\" class=\"wp-block-spacer\"><\/div>\n\n\n\n<figure class=\"wp-block-image aligncenter size-full is-resized\"><img loading=\"lazy\" decoding=\"async\" width=\"366\" height=\"370\" src=\"https:\/\/misionreinadelapaz.com\/wp-content\/uploads\/2024\/11\/assets_01.png\" alt=\"\" class=\"wp-image-52\" style=\"width:40px;height:auto\" srcset=\"https:\/\/misionreinadelapaz.com\/wp-content\/uploads\/2024\/11\/assets_01.png 366w, https:\/\/misionreinadelapaz.com\/wp-content\/uploads\/2024\/11\/assets_01-297x300.png 297w\" sizes=\"auto, (max-width: 366px) 100vw, 366px\" \/><\/figure>\n\n\n\n<div style=\"height:5px\" aria-hidden=\"true\" class=\"wp-block-spacer\"><\/div>\n\n\n\n<p style=\"font-size:clamp(0.875rem, 0.875rem + ((1vw - 0.2rem) * 0.708), 1.3rem);\">Esta es una actividad de Servicio que debe sostenerse por s\u00ed misma, por la cual damos nuestro tiempo y espacio, como las instalaciones a usar, que requieren limpieza y mantenimiento.<br>Para sostener este orden de cada Servicio, el grupo a concurrir deber\u00e1 contar con al menos diez personas, y cada participante abonar\u00e1 un bono de contribuci\u00f3n ya establecido, antes de comenzar el d\u00eda de actividad.<\/p>\n\n\n\n<div style=\"height:10px\" aria-hidden=\"true\" class=\"wp-block-spacer\"><\/div>\n\n\n\n<h5 class=\"wp-block-heading has-text-align-center\" style=\"line-height:0\"><strong>\u201cCada servidor merece su salario\u201d<\/strong><\/h5>\n\n\n\n<p class=\"has-text-align-center\" style=\"line-height:0.8\"><strong>Mateo ( C\u00e1p. 10 del 6 -10)<\/strong><\/p>\n\n\n\n<div style=\"height:5px\" aria-hidden=\"true\" class=\"wp-block-spacer\"><\/div>\n\n\n\n<figure class=\"wp-block-image aligncenter size-full is-resized\"><img loading=\"lazy\" decoding=\"async\" width=\"366\" height=\"370\" src=\"https:\/\/misionreinadelapaz.com\/wp-content\/uploads\/2024\/11\/assets_01.png\" alt=\"\" class=\"wp-image-52\" style=\"width:40px\" srcset=\"https:\/\/misionreinadelapaz.com\/wp-content\/uploads\/2024\/11\/assets_01.png 366w, https:\/\/misionreinadelapaz.com\/wp-content\/uploads\/2024\/11\/assets_01-297x300.png 297w\" sizes=\"auto, (max-width: 366px) 100vw, 366px\" \/><\/figure>\n\n\n\n<div style=\"height:70px\" aria-hidden=\"true\" class=\"wp-block-spacer\"><\/div>\n\n\n\n<figure class=\"wp-block-gallery alignwide has-nested-images columns-default is-cropped has-base-2-background-color has-background wp-block-gallery-1 is-layout-flex wp-block-gallery-is-layout-flex\" style=\"margin-top:var(--wp--preset--spacing--10);margin-right:var(--wp--preset--spacing--20);margin-bottom:var(--wp--preset--spacing--10);margin-left:var(--wp--preset--spacing--20)\">\n<figure class=\"wp-block-image size-large\"><img loading=\"lazy\" decoding=\"async\" width=\"1024\" height=\"768\" data-id=\"307\" src=\"https:\/\/misionreinadelapaz.com\/wp-content\/uploads\/2024\/11\/Encuentros3.jpg\" alt=\"\" class=\"wp-image-307\" srcset=\"https:\/\/misionreinadelapaz.com\/wp-content\/uploads\/2024\/11\/Encuentros3.jpg 1024w, https:\/\/misionreinadelapaz.com\/wp-content\/uploads\/2024\/11\/Encuentros3-300x225.jpg 300w, https:\/\/misionreinadelapaz.com\/wp-content\/uploads\/2024\/11\/Encuentros3-768x576.jpg 768w\" sizes=\"auto, (max-width: 1024px) 100vw, 1024px\" \/><\/figure>\n\n\n\n<figure class=\"wp-block-image size-large\"><img loading=\"lazy\" decoding=\"async\" width=\"1024\" height=\"768\" data-id=\"306\" src=\"https:\/\/misionreinadelapaz.com\/wp-content\/uploads\/2024\/11\/Encuentros4.jpg\" alt=\"\" class=\"wp-image-306\" srcset=\"https:\/\/misionreinadelapaz.com\/wp-content\/uploads\/2024\/11\/Encuentros4.jpg 1024w, https:\/\/misionreinadelapaz.com\/wp-content\/uploads\/2024\/11\/Encuentros4-300x225.jpg 300w, https:\/\/misionreinadelapaz.com\/wp-content\/uploads\/2024\/11\/Encuentros4-768x576.jpg 768w\" sizes=\"auto, (max-width: 1024px) 100vw, 1024px\" \/><\/figure>\n\n\n\n<figure class=\"wp-block-image size-large\"><img loading=\"lazy\" decoding=\"async\" width=\"1024\" height=\"768\" data-id=\"311\" src=\"https:\/\/misionreinadelapaz.com\/wp-content\/uploads\/2024\/11\/DSC07943s.jpg\" alt=\"\" class=\"wp-image-311\" srcset=\"https:\/\/misionreinadelapaz.com\/wp-content\/uploads\/2024\/11\/DSC07943s.jpg 1024w, https:\/\/misionreinadelapaz.com\/wp-content\/uploads\/2024\/11\/DSC07943s-300x225.jpg 300w, https:\/\/misionreinadelapaz.com\/wp-content\/uploads\/2024\/11\/DSC07943s-768x576.jpg 768w\" sizes=\"auto, (max-width: 1024px) 100vw, 1024px\" \/><\/figure>\n<\/figure>\n\n\n\n<div style=\"height:70px\" aria-hidden=\"true\" class=\"wp-block-spacer\"><\/div>\n","protected":false},"excerpt":{"rendered":"<p>ENCUENTROS C\u00f3mo coordinar encuentros grupales Destinado a aquellos grupos que ya hayan asistido a un Servicio de Aparici\u00f3n y quieran participar de un encuentro personal con Patricia, para recibir un momento de Mensaje y de charla compartida, con preguntas y respuestas sobre el Mensaje que la Virgen como Maestra Ascendida nos da a conocer a [&hellip;]<\/p>\n","protected":false},"author":1,"featured_media":310,"parent":0,"menu_order":0,"comment_status":"closed","ping_status":"closed","template":"page-no-title","meta":{"footnotes":""},"class_list":["post-350","page","type-page","status-publish","has-post-thumbnail","hentry"],"_links":{"self":[{"href":"https:\/\/misionreinadelapaz.com\/index.php\/wp-json\/wp\/v2\/pages\/350","targetHints":{"allow":["GET"]}}],"collection":[{"href":"https:\/\/misionreinadelapaz.com\/index.php\/wp-json\/wp\/v2\/pages"}],"about":[{"href":"https:\/\/misionreinadelapaz.com\/index.php\/wp-json\/wp\/v2\/types\/page"}],"author":[{"embeddable":true,"href":"https:\/\/misionreinadelapaz.com\/index.php\/wp-json\/wp\/v2\/users\/1"}],"replies":[{"embeddable":true,"href":"https:\/\/misionreinadelapaz.com\/index.php\/wp-json\/wp\/v2\/comments?post=350"}],"version-history":[{"count":51,"href":"https:\/\/misionreinadelapaz.com\/index.php\/wp-json\/wp\/v2\/pages\/350\/revisions"}],"predecessor-version":[{"id":936,"href":"https:\/\/misionreinadelapaz.com\/index.php\/wp-json\/wp\/v2\/pages\/350\/revisions\/936"}],"wp:featuredmedia":[{"embeddable":true,"href":"https:\/\/misionreinadelapaz.com\/index.php\/wp-json\/wp\/v2\/media\/310"}],"wp:attachment":[{"href":"https:\/\/misionreinadelapaz.com\/index.php\/wp-json\/wp\/v2\/media?parent=350"}],"curies":[{"name":"wp","href":"https:\/\/api.w.org\/{rel}","templated":true}]}}